{"id":4812,"date":"2017-02-08T16:09:06","date_gmt":"2017-02-08T15:09:06","guid":{"rendered":"https:\/\/www.elemtechnic.com\/web\/?page_id=4812"},"modified":"2019-10-14T09:36:32","modified_gmt":"2019-10-14T07:36:32","slug":"enregistrez-votre-garantie","status":"publish","type":"page","link":"https:\/\/www.elemtechnic.com\/web\/enregistrez-votre-garantie\/","title":{"rendered":"Enregistrez votre garantie"},"content":{"rendered":"<p>[vc_row heading_color=\u00a0\u00bblight\u00a0\u00bb bg_type=\u00a0\u00bbimage\u00a0\u00bb bg_image=\u00a0\u00bb4359&Prime; bg_image_type=\u00a0\u00bbparallax\u00a0\u00bb color_overlay=\u00a0\u00bbdark\u00a0\u00bb opacity_overlay=\u00a0\u00bb60&Prime;][vc_column][vc_empty_space]<div class=\"grve-element grve-slogan grve-align-left\" style=\"\"><h1 class=\"grve-slogan-title grve-align-left grve-title-no-line\"><span>Enregistrez votre garantie<\/span><\/h1>  <p class=\"\"><\/p><\/div>[vc_empty_space][\/vc_column][\/vc_row][vc_row][vc_column][vc_column_text]<\/p>\n<h3><strong>En vous inscrivant :<\/strong><\/h3>\n<ul>\n<li>Vous <strong>doublez<\/strong> la dur\u00e9e de votre garantie<\/li>\n<li>Vous b\u00e9n\u00e9ficiez d&rsquo;informations r\u00e9guli\u00e8res sur nos nouveaux services.<\/li>\n<\/ul>\n<p>[\/vc_column_text][\/vc_column][\/vc_row][vc_row][vc_column][vc_column_text]<script>(function() {\n\twindow.mc4wp = window.mc4wp || {\n\t\tlisteners: [],\n\t\tforms: {\n\t\t\ton: function(evt, cb) {\n\t\t\t\twindow.mc4wp.listeners.push(\n\t\t\t\t\t{\n\t\t\t\t\t\tevent   : evt,\n\t\t\t\t\t\tcallback: cb\n\t\t\t\t\t}\n\t\t\t\t);\n\t\t\t}\n\t\t}\n\t}\n})();\n<\/script><!-- Mailchimp for WordPress v4.8.10 - https:\/\/wordpress.org\/plugins\/mailchimp-for-wp\/ --><form id=\"mc4wp-form-1\" class=\"mc4wp-form mc4wp-form-6490 mc4wp-ajax\" method=\"post\" data-id=\"6490\" data-name=\"Garantie\" ><div class=\"mc4wp-form-fields\"><h3>\r\n  Vos informations\r\n<\/h3>\r\n<p>\r\n    <label>Pr\u00e9nom<\/label>\r\n    <input type=\"text\" name=\"FNAME\" required>\r\n<\/p>\r\n<p>\r\n    <label>Nom<\/label>\r\n    <input type=\"text\" name=\"LNAME\" required>\r\n<\/p>\r\n<p>\r\n\t<label>Adresse mail: <\/label>\r\n\t<input type=\"email\" name=\"EMAIL\" required \/>\r\n<\/p>\r\n<p>\r\n    <label>Adresse<\/label>\r\n    <input type=\"text\" name=\"MMERGE4\" required>\r\n<\/p>\r\n<p>\r\n    <label>Code postal<\/label>\r\n    <input type=\"text\" name=\"MMERGE6\" required>\r\n<\/p>\r\n<p>\r\n    <label>Ville<\/label>\r\n    <input type=\"text\" name=\"MMERGE7\" required>\r\n<\/p>\r\n<p>\r\n    <label>Pays<\/label>\r\n    <input type=\"text\" name=\"MMERGE8\" required>\r\n<\/p>\r\n<h3>\r\n  Votre Produit\r\n<\/h3>\r\n<p>\r\n    <label>R\u00e9f\u00e9rence<\/label>\r\n    <input type=\"text\" name=\"MMERGE9\" required>\r\n<\/p>\r\n<p>\r\n    <label>EAN (Code-barre)<\/label>\r\n    <input type=\"number\" name=\"MMERGE10\" required>\r\n<\/p>\r\n<p>\r\n    <label>Date d'achat<\/label>\r\n    <input type=\"date\" name=\"MMERGE11\" required>\r\n<\/p>\r\n<p>\r\n    <label>Nom du distributeur<\/label>\r\n    <input type=\"text\" name=\"MMERGE3\" required>\r\n<\/p>\r\n\r\n<p>\r\n\t<input type=\"submit\" value=\"Enregistrer votre garantie\" \/>\r\n<\/p><\/div><label style=\"display: none !important;\">Laissez ce champ vide si vous \u00eates humain\u00a0: <input type=\"text\" name=\"_mc4wp_honeypot\" value=\"\" tabindex=\"-1\" autocomplete=\"off\" \/><\/label><input type=\"hidden\" name=\"_mc4wp_timestamp\" value=\"1777631655\" \/><input type=\"hidden\" name=\"_mc4wp_form_id\" value=\"6490\" \/><input type=\"hidden\" name=\"_mc4wp_form_element_id\" value=\"mc4wp-form-1\" \/><div class=\"mc4wp-response\"><\/div><\/form><!-- \/ Mailchimp for WordPress Plugin -->[\/vc_column_text][\/vc_column][\/vc_row]<\/p>\n","protected":false},"excerpt":{"rendered":"<p>[vc_row heading_color=\u00a0\u00bblight\u00a0\u00bb bg_type=\u00a0\u00bbimage\u00a0\u00bb bg_image=\u00a0\u00bb4359&Prime; bg_image_type=\u00a0\u00bbparallax\u00a0\u00bb color_overlay=\u00a0\u00bbdark\u00a0\u00bb opacity_overlay=\u00a0\u00bb60&Prime;][vc_column][vc_empty_space][vc_empty_space][\/vc_column][\/vc_row][vc_row][vc_column][vc_column_text] En vous inscrivant : Vous doublez la dur\u00e9e de votre garantie Vous b\u00e9n\u00e9ficiez d&rsquo;informations r\u00e9guli\u00e8res sur nos nouveaux services. [\/vc_column_text][\/vc_column][\/vc_row][vc_row][vc_column][vc_column_text][\/vc_column_text][\/vc_column][\/vc_row]<\/p>\n","protected":false},"author":1,"featured_media":0,"parent":0,"menu_order":0,"comment_status":"closed","ping_status":"closed","template":"","meta":[],"_links":{"self":[{"href":"https:\/\/www.elemtechnic.com\/web\/wp-json\/wp\/v2\/pages\/4812"}],"collection":[{"href":"https:\/\/www.elemtechnic.com\/web\/wp-json\/wp\/v2\/pages"}],"about":[{"href":"https:\/\/www.elemtechnic.com\/web\/wp-json\/wp\/v2\/types\/page"}],"author":[{"embeddable":true,"href":"https:\/\/www.elemtechnic.com\/web\/wp-json\/wp\/v2\/users\/1"}],"replies":[{"embeddable":true,"href":"https:\/\/www.elemtechnic.com\/web\/wp-json\/wp\/v2\/comments?post=4812"}],"version-history":[{"count":9,"href":"https:\/\/www.elemtechnic.com\/web\/wp-json\/wp\/v2\/pages\/4812\/revisions"}],"predecessor-version":[{"id":6757,"href":"https:\/\/www.elemtechnic.com\/web\/wp-json\/wp\/v2\/pages\/4812\/revisions\/6757"}],"wp:attachment":[{"href":"https:\/\/www.elemtechnic.com\/web\/wp-json\/wp\/v2\/media?parent=4812"}],"curies":[{"name":"wp","href":"https:\/\/api.w.org\/{rel}","templated":true}]}}